{"id":570,"date":"2023-01-31T18:32:16","date_gmt":"2023-01-31T17:32:16","guid":{"rendered":"https:\/\/cenizasalmaramfora.com\/avis-legal\/"},"modified":"2025-11-27T06:10:14","modified_gmt":"2025-11-27T05:10:14","slug":"avis-legal","status":"publish","type":"page","link":"https:\/\/cenizasalmaramfora.com\/ca\/avis-legal\/","title":{"rendered":"Av\u00eds legal"},"content":{"rendered":"<p>[et_pb_section fb_built=&#8221;1&#8243; admin_label=&#8221;Introduccion&#8221; _builder_version=&#8221;4.19.5&#8243; _module_preset=&#8221;default&#8221; background_color=&#8221;#EBE4DD&#8221; z_index=&#8221;10&#8243; custom_margin=&#8221;0%||||false|false&#8221; global_colors_info=&#8221;{}&#8221;][et_pb_row _builder_version=&#8221;4.19.5&#8243; _module_preset=&#8221;default&#8221; global_colors_info=&#8221;{}&#8221;][et_pb_column type=&#8221;4_4&#8243; _builder_version=&#8221;4.19.5&#8243; _module_preset=&#8221;default&#8221; global_colors_info=&#8221;{}&#8221;][et_pb_text _builder_version=&#8221;4.19.5&#8243; _module_preset=&#8221;b327cbe4-b1d5-4b66-ad37-40c8f2f061ba&#8221; header_2_font=&#8221;Manrope|700|||||||&#8221; header_2_text_color=&#8221;#000000&#8243; header_2_font_size=&#8221;48px&#8221; header_2_line_height=&#8221;1.2em&#8221; header_2_font_size_tablet=&#8221;32px&#8221; header_2_font_size_phone=&#8221;20px&#8221; header_2_font_size_last_edited=&#8221;on|desktop&#8221; inline_fonts=&#8221;Abhaya Libre&#8221; global_colors_info=&#8221;{}&#8221;]<\/p>\n<h1><strong>AV\u00cdS LEGAL<\/strong><\/h1>\n<p>[\/et_pb_text][et_pb_text _builder_version=&#8221;4.19.5&#8243; _module_preset=&#8221;default&#8221; global_colors_info=&#8221;{}&#8221;]<\/p>\n<h2>TITULAR WEB<\/h2>\n<p>Denominaci\u00f3 social: Daniel S\u00e1nchez Andreu ,CIF: 46357222d<br \/>Dades dinscripci\u00f3: Registre Mercantil de Barcelona al tom 30448 general, foli 189 full B n\u00famero 177124 inscripci\u00f3 1. Propiet\u00e0ria de la marca GOTLAND CHARTER<br \/>Adre\u00e7a de correu electr\u00f2nic: hello@cenizasalmaramfora.com<br \/>Domicili social: C\/Gran via 1138 7\u00ba 1\u00ba ,08020 Barcelona.<\/p>\n<p>El propietari com a responsable d&#8217;aquesta web, assumeix el comprom\u00eds de processar la informaci\u00f3 dels seus usuaris i clients amb plenes garanties i complir els requisits nacionals i europeus que regulen la recopilaci\u00f3 i l&#8217;\u00fas de les dades personals dels usuaris.<\/p>\n<p>El propietari ha adequat aquest web a les exig\u00e8ncies del Reglament (UE) 2016\/679 del Parlament Europeu i del Consell de 27 d&#8217;abril del 2016 relatiu a la protecci\u00f3 de dades de les persones f\u00edsiques pel que fa al tractament de dades personals ia la lliure circulaci\u00f3 d&#8217;aquestes dades i pel qual es deroga la Directiva 95\/46\/CE (RGPD), aix\u00ed com amb la Llei 34\/2002, de 11 de juliol, de Serveis de la Societat de la Informaci\u00f3 i Comer\u00e7 Electr\u00f2nic (LSSICE o LSSI).<\/p>\n<p>Aquesta informaci\u00f3 regula les condicions d\u00fas, les limitacions de responsabilitat i les obligacions que els usuaris de la p\u00e0gina web que es publica sota el nom de domini cenizasalmaramfora.com assumeixen i es comprometen a respectar.<\/p>\n<p>&nbsp;<\/p>\n<h2>CONDICIONS GENERALS D&#8217;\u00daS<\/h2>\n<p>La utilitzaci\u00f3 de la p\u00e0gina atorga la utilitzaci\u00f3 d&#8217;usuari i implica l&#8217;acceptaci\u00f3 de les condicions de l&#8217;av\u00eds legal, la pol\u00edtica de privadesa i les condicions d&#8217;\u00fas, si l&#8217;usuari no<br \/>fos conforme, s&#8217;abstindr\u00e0 d&#8217;utilitzar la p\u00e0gina. L&#8217;usuari est\u00e0 obligat i es compromet a utilitzar la p\u00e0gina i els continguts de conformitat amb la legislaci\u00f3 vigent, el<br \/>Av\u00eds Legal, i qualsevol altre av\u00eds contingut en aquesta p\u00e0gina, aix\u00ed com amb les normes de conviv\u00e8ncia, la moral i bons costums generalment acceptats. L&#8217;usuari s&#8217;obliga i es compromet a no transmetre, difondre o posar a disposici\u00f3 de tercers qualsevol contingut a la p\u00e0gina, com ara informacions, textos, dades, continguts, missatges, gr\u00e0fics, dibuixos, arxius de so i\/o imatge, fotografies, enregistraments, programari, logotips, marques, icones, tecnologia, fotografies, programari, enlla\u00e7os, disseny gr\u00e0fic i codis font, o qualsevol altre material al qual tingu\u00e9s acc\u00e9s a la seva condici\u00f3 d&#8217;usuari de la p\u00e0gina, sense que aquesta enumeraci\u00f3 tingui car\u00e0cter limitatiu.<\/p>\n<p>&nbsp;<\/p>\n<h2>PROPIETAT INTEL\u00b7LECTUAL<\/h2>\n<p>Totes les marques, noms comercials o signes distintius de qualsevol classe que apareixen a la p\u00e0gina s\u00f3n propietat de cenizasalmaramfora.com o, si escau, de tercers que han<br \/>autoritzat el seu \u00fas, sense que es pugui entendre que l&#8217;\u00fas o acc\u00e9s al portal i\/o als continguts atribueixi a l&#8217;usuari cap dret sobre les esmentades marques, noms comercials i\/o signes distintius, i sense que es puguin entendre cedits a l&#8217;usuari, cap dels drets dexplotaci\u00f3 que existeixen o puguin existir sobre aquests continguts. I no ent\u00e9n cedits ni se n&#8217;autoritza la utilitzaci\u00f3, en cap cas, als usuaris de la p\u00e0gina llevat que s&#8217;obtinguin aquests drets per escrit del leg\u00edtim titular dels mateixos.<\/p>\n<p>&nbsp;<\/p>\n<h2>LLEI APLICABLE I JURISDICCI\u00d3<\/h2>\n<p>Amb car\u00e0cter general, les relacions entre cenizasalmaramfora.com amb els usuaris dels seus serveis telem\u00e0tics, presents en aquesta web es troben sotmeses a la legislaci\u00f3 i jurisdicci\u00f3 espanyoles i als tribunals de MATAR\u00d3 (BARCELONA).<\/p>\n<p>[\/et_pb_text][\/et_pb_column][\/et_pb_row][\/et_pb_section][et_pb_section fb_built=&#8221;1&#8243; admin_label=&#8221;Footer&#8221; _builder_version=&#8221;4.17.6&#8243; _module_preset=&#8221;default&#8221; background_color=&#8221;#FAF5EF&#8221; custom_padding=&#8221;||0px||false|false&#8221; collapsed=&#8221;off&#8221; global_colors_info=&#8221;{}&#8221;][et_pb_row column_structure=&#8221;1_3,1_3,1_3&#8243; _builder_version=&#8221;4.19.5&#8243; _module_preset=&#8221;default&#8221; width=&#8221;100%&#8221; module_alignment=&#8221;center&#8221; custom_margin=&#8221;|200px||200px|false|false&#8221; custom_padding=&#8221;|15px||15px|false|false&#8221; global_colors_info=&#8221;{}&#8221;][et_pb_column type=&#8221;1_3&#8243; _builder_version=&#8221;4.19.5&#8243; _module_preset=&#8221;default&#8221; global_colors_info=&#8221;{}&#8221;][et_pb_image src=&#8221;https:\/\/cenizasalmaramfora.com\/wp-content\/uploads\/2023\/01\/imagen.png&#8221; alt=&#8221;gotland-charter-tirar-cenizas-al-mar&#8221; title_text=&#8221;logo-gotland-charter-tirar-cenizas-al-mar&#8221; _builder_version=&#8221;4.19.5&#8243; _module_preset=&#8221;default&#8221; width=&#8221;72%&#8221; global_colors_info=&#8221;{}&#8221;][\/et_pb_image][et_pb_text _builder_version=&#8221;4.19.5&#8243; _module_preset=&#8221;default&#8221; custom_margin=&#8221;-14px|-28px|3px|||&#8221; global_colors_info=&#8221;{}&#8221;]<\/p>\n<div class=\"caja\"><img decoding=\"async\" src=\"https:\/\/cenizasalmaramfora.com\/wp-content\/uploads\/2023\/01\/tel.png\" alt=\"Fes clic aqu\u00ed per Truqui al +34 610 66 93 33\" class=\"wp-image-92\" width=\"50\" height=\"50\"><a href=\"tel:+34610669333\" class=\"enlace\">+34610669333<\/a><\/div>\n<p>[\/et_pb_text][et_pb_text _builder_version=&#8221;4.19.5&#8243; _module_preset=&#8221;default&#8221; custom_margin=&#8221;||1px|||&#8221; locked=&#8221;off&#8221; global_colors_info=&#8221;{}&#8221;]<\/p>\n<div class=\"caja\"><img decoding=\"async\" src=\"https:\/\/cenizasalmaramfora.com\/wp-content\/uploads\/2023\/01\/app.png\" class=\"wp-image-92\" width=\"50\" height=\"50\"><a href=\"https:\/\/wa.me\/34610669333\" class=\"enlace\" rel=\"nofollow noopener\" target=\"_blank\">+34610669333<\/a><\/div>\n<p>[\/et_pb_text][et_pb_text _builder_version=&#8221;4.19.5&#8243; _module_preset=&#8221;default&#8221; custom_margin=&#8221;||2px|||&#8221; locked=&#8221;off&#8221; global_colors_info=&#8221;{}&#8221;]<\/p>\n<div class=\"caja\"><img decoding=\"async\" src=\"https:\/\/cenizasalmaramfora.com\/wp-content\/uploads\/2023\/01\/email.png\" class=\"wp-image-92\" width=\"50\" height=\"50\"><a href=\"mailto:hello@gotlandcharter.com\" class=\"enlace\">hello@gotlandcharter.com<\/a><\/div>\n<p>[\/et_pb_text][et_pb_text _builder_version=&#8221;4.19.5&#8243; _module_preset=&#8221;default&#8221; width=&#8221;100%&#8221; custom_margin=&#8221;||||false|false&#8221; custom_padding=&#8221;||||false|false&#8221; locked=&#8221;off&#8221; global_colors_info=&#8221;{}&#8221;]<\/p>\n<div class=\"caja\"><img decoding=\"async\" src=\"https:\/\/cenizasalmaramfora.com\/wp-content\/uploads\/2023\/01\/posicion.png\" class=\"wp-image-92\" width=\"50\" height=\"50\"><a href=\"https:\/\/goo.gl\/maps\/vbdnvSoKdmBTXjLe7\" title=\"ubicacion\" class=\"enlace\" rel=\"nofollow noopener\" target=\"_blank\">Moll de la Marina, 08005 Barcelona<\/a><\/div>\n<p>[\/et_pb_text][\/et_pb_column][et_pb_column type=&#8221;1_3&#8243; _builder_version=&#8221;4.19.5&#8243; _module_preset=&#8221;default&#8221; global_colors_info=&#8221;{}&#8221;][\/et_pb_column][et_pb_column type=&#8221;1_3&#8243; _builder_version=&#8221;4.19.5&#8243; _module_preset=&#8221;default&#8221; global_colors_info=&#8221;{}&#8221;][et_pb_text _builder_version=&#8221;4.19.5&#8243; _module_preset=&#8221;4827deed-2a92-4d97-a22f-f01067ae6873&#8243; header_font=&#8221;||||||||&#8221; header_4_font=&#8221;Manrope|700|||||||&#8221; header_4_text_color=&#8221;#000000&#8243; header_4_font_size=&#8221;19px&#8221; header_4_line_height=&#8221;1.4em&#8221; text_orientation=&#8221;center&#8221; custom_margin=&#8221;||10px||false|false&#8221; header_4_font_size_tablet=&#8221;16px&#8221; header_4_font_size_phone=&#8221;14px&#8221; header_4_font_size_last_edited=&#8221;on|tablet&#8221; locked=&#8221;off&#8221; global_colors_info=&#8221;{}&#8221;]<\/p>\n<h4 style=\"text-align: left;\">INFORMACI\u00d3<\/h4>\n<p>[\/et_pb_text][et_pb_text _builder_version=&#8221;4.19.5&#8243; _module_preset=&#8221;default&#8221; global_colors_info=&#8221;{}&#8221;]<a href=\"https:\/\/cenizasalmaramfora.com\/aviso-legal\" title=\"Av\u00eds legal\" class=\"enlace\">Av\u00eds legal<\/a><\/p>\n<p><a href=\"https:\/\/cenizasalmaramfora.com\/politica-de-privacidad\" title=\"Pol\u00edtica de privadesa\" class=\"enlace\">Pol\u00edtica de privadesa<\/a><\/p>\n<p><a href=\"https:\/\/cenizasalmaramfora.com\/politica-de-cookies\" title=\"Pol\u00edtica de cookies\" class=\"enlace\">Pol\u00edtica de cookies<\/a>[\/et_pb_text][\/et_pb_column][\/et_pb_row][\/et_pb_section]<\/p>\n","protected":false},"excerpt":{"rendered":"<p>AV\u00cdS LEGALTITULAR WEB Denominaci\u00f3 social: Daniel S\u00e1nchez Andreu ,CIF: 46357222dDades dinscripci\u00f3: Registre Mercantil de Barcelona al tom 30448 general, foli 189 full B n\u00famero 177124 inscripci\u00f3 1. Propiet\u00e0ria de la marca GOTLAND CHARTERAdre\u00e7a de correu electr\u00f2nic: hello@cenizasalmaramfora.comDomicili social: C\/Gran via 1138 7\u00ba 1\u00ba ,08020 Barcelona. El propietari com a responsable d&#8217;aquesta web, assumeix el comprom\u00eds [&hellip;]<\/p>\n","protected":false},"author":1,"featured_media":0,"parent":0,"menu_order":0,"comment_status":"closed","ping_status":"closed","template":"","meta":{"_et_pb_use_builder":"on","_et_pb_old_content":"","_et_gb_content_width":"","footnotes":""},"categories":[],"tags":[],"class_list":["post-570","page","type-page","status-publish","hentry"],"_links":{"self":[{"href":"https:\/\/cenizasalmaramfora.com\/ca\/wp-json\/wp\/v2\/pages\/570","targetHints":{"allow":["GET"]}}],"collection":[{"href":"https:\/\/cenizasalmaramfora.com\/ca\/wp-json\/wp\/v2\/pages"}],"about":[{"href":"https:\/\/cenizasalmaramfora.com\/ca\/wp-json\/wp\/v2\/types\/page"}],"author":[{"embeddable":true,"href":"https:\/\/cenizasalmaramfora.com\/ca\/wp-json\/wp\/v2\/users\/1"}],"replies":[{"embeddable":true,"href":"https:\/\/cenizasalmaramfora.com\/ca\/wp-json\/wp\/v2\/comments?post=570"}],"version-history":[{"count":0,"href":"https:\/\/cenizasalmaramfora.com\/ca\/wp-json\/wp\/v2\/pages\/570\/revisions"}],"wp:attachment":[{"href":"https:\/\/cenizasalmaramfora.com\/ca\/wp-json\/wp\/v2\/media?parent=570"}],"wp:term":[{"taxonomy":"category","embeddable":true,"href":"https:\/\/cenizasalmaramfora.com\/ca\/wp-json\/wp\/v2\/categories?post=570"},{"taxonomy":"post_tag","embeddable":true,"href":"https:\/\/cenizasalmaramfora.com\/ca\/wp-json\/wp\/v2\/tags?post=570"}],"curies":[{"name":"wp","href":"https:\/\/api.w.org\/{rel}","templated":true}]}}