{"id":574,"date":"2023-02-01T11:42:38","date_gmt":"2023-02-01T10:42:38","guid":{"rendered":"https:\/\/cenizasalmaramfora.com\/politica-de-cookies\/"},"modified":"2025-04-17T17:57:57","modified_gmt":"2025-04-17T16:57:57","slug":"politica-de-cookies","status":"publish","type":"page","link":"https:\/\/cenizasalmaramfora.com\/ca\/politica-de-cookies\/","title":{"rendered":"Pol\u00edtica de cookies"},"content":{"rendered":"<p>[et_pb_section fb_built=&#8221;1&#8243; admin_label=&#8221;Introduccion&#8221; _builder_version=&#8221;4.19.5&#8243; _module_preset=&#8221;default&#8221; background_color=&#8221;#EBE4DD&#8221; z_index=&#8221;10&#8243; custom_margin=&#8221;0%||||false|false&#8221; global_colors_info=&#8221;{}&#8221;][et_pb_row _builder_version=&#8221;4.19.5&#8243; _module_preset=&#8221;default&#8221; global_colors_info=&#8221;{}&#8221;][et_pb_column type=&#8221;4_4&#8243; _builder_version=&#8221;4.19.5&#8243; _module_preset=&#8221;default&#8221; global_colors_info=&#8221;{}&#8221;][et_pb_text _builder_version=&#8221;4.19.5&#8243; _module_preset=&#8221;b327cbe4-b1d5-4b66-ad37-40c8f2f061ba&#8221; header_2_font=&#8221;Manrope|700|||||||&#8221; header_2_text_color=&#8221;#000000&#8243; header_2_font_size=&#8221;48px&#8221; header_2_line_height=&#8221;1.2em&#8221; header_2_font_size_tablet=&#8221;32px&#8221; header_2_font_size_phone=&#8221;20px&#8221; header_2_font_size_last_edited=&#8221;on|desktop&#8221; inline_fonts=&#8221;Abhaya Libre&#8221; global_colors_info=&#8221;{}&#8221;]<\/p>\n<h1><strong>POL\u00cdTICA DE COOKIES<br \/><\/strong><\/h1>\n<p>[\/et_pb_text][et_pb_text _builder_version=&#8221;4.19.5&#8243; _module_preset=&#8221;default&#8221; global_colors_info=&#8221;{}&#8221;]<\/p>\n<p>&nbsp;<\/p>\n<p>Aquest portal, com la majoria de portals a Internet, fa servir galetes per millorar l&#8217;experi\u00e8ncia de l&#8217;usuari. A continuaci\u00f3 trobareu informaci\u00f3 sobre qu\u00e8 s\u00f3n les galetes, quin tipus de galetes utilitza aquest portal, com podeu desactivar les galetes al vostre navegador i com desactivar espec\u00edficament la instal\u00b7laci\u00f3 de galetes de tercers. Si no trobeu la informaci\u00f3 espec\u00edfica que vost\u00e8 est\u00e0 buscant, si us plau dirigiu-vos al nostre formulari de contacte.<\/p>\n<h2>Qu\u00e8 s\u00f3n les galetes?<\/h2>\n<p>Les cookies s\u00f3n petits arxius que algunes plataformes, com les p\u00e0gines web, poden instal\u00b7lar al vostre ordinador, smartphone, tauleta o televisi\u00f3 connectada. Les seves funcions poden ser molt variades: emmagatzemar les prefer\u00e8ncies de navegaci\u00f3, recopilar informaci\u00f3 estad\u00edstica, permetre certes funcionalitats t\u00e8cniques, etc\u00e8tera. De vegades, les galetes s&#8217;utilitzen per emmagatzemar informaci\u00f3 b\u00e0sica sobre els h\u00e0bits de navegaci\u00f3 de l&#8217;usuari o del seu equip, fins al punt, segons els casos, de poder-lo recon\u00e8ixer.<\/p>\n<h2>Per qu\u00e8 s\u00f3n importants?<\/h2>\n<p>Les galetes s\u00f3n \u00fatils per diversos motius. Des d&#8217;un punt de vista t\u00e8cnic, permeten que les p\u00e0gines web funcionin de manera m\u00e9s \u00e0gil i adaptada a les vostres prefer\u00e8ncies, com ara emmagatzemar el vostre idioma o la moneda del vostre pa\u00eds. A m\u00e9s, ajuden els responsables dels llocs web a millorar els serveis que ofereixen, gr\u00e0cies a la informaci\u00f3 estad\u00edstica que recullen a trav\u00e9s seu. Finalment, serveixen per fer m\u00e9s eficient la publicitat que us mostrem, gr\u00e0cies a la qual us podem oferir serveis de forma gratuita.<\/p>\n<h2>Com utilitzem les galetes?<\/h2>\n<p>Navegar per aquest portal suposa que es puguin instal\u00b7lar els seg\u00fcents tipus de cookies:<\/p>\n<h2>Galetes de millora del rendiment<\/h2>\n<p>Aquest tipus de galetes conserva les seves prefer\u00e8ncies per a certes eines o serveis perqu\u00e8 no hagi de reconfigurar-los cada vegada que visita el nostre portal i, en alguns casos, poden ser aportades per tercers. Alguns exemples s\u00f3n: volum dels reproductors audiovisuals, prefer\u00e8ncies dordenaci\u00f3 darticles o velocitats de reproducci\u00f3 de v\u00eddeo compatibles. En el cas de comer\u00e7 electr\u00f2nic, permeten mantenir informaci\u00f3 sobre la cistella de la compra.<\/p>\n<h2>Galetes d&#8217;an\u00e0lisi estad\u00edstica<\/h2>\n<p>S\u00f3n aquelles que, b\u00e9 tractades per nosaltres o per tercers, permeten quantificar el nombre de visitants i analitzar estad\u00edsticament la utilitzaci\u00f3 que fan els usuaris dels nostres serveis. Gr\u00e0cies a aix\u00f2 podem estudiar la navegaci\u00f3 per la nostra p\u00e0gina web i millorar aix\u00ed l&#8217;oferta de productes o serveis que oferim.<\/p>\n<h2>Galetes de geolocalitzaci\u00f3<\/h2>\n<p>Aquestes galetes s\u00f3n utilitzades per programes que intenten localitzar geogr\u00e0ficament la situaci\u00f3 de l&#8217;ordinador, smartphone, tauleta o televisi\u00f3 connectada, per tal d&#8217;oferir de manera totalment an\u00f2nima continguts i serveis m\u00e9s adequats.<\/p>\n<h2>Cookies de registre<\/h2>\n<p>Quan vost\u00e8 es registra al nostre portal, es generen cookies que us identifiquen com a usuari registrat i indiquen quan vost\u00e8 s&#8217;ha identificat al portal.<br \/>Aquestes cookies s\u00f3n utilitzades per identificar el vostre compte d&#8217;usuari i els seus serveis associats. Aquestes galetes es mantenen mentre no abandoneu el compte, tanqueu el navegador o apagueu el dispositiu.<br \/>Aquestes cookies poden ser utilitzades en combinaci\u00f3 amb dades anal\u00edtiques per identificar de manera individual les seves prefer\u00e8ncies al nostre portal.<\/p>\n<h2>Galetes publicit\u00e0ries<\/h2>\n<p>S\u00f3n aquelles que, ben tractades per nosaltres o per tercers, permeten gestionar efica\u00e7ment els espais publicitaris del nostre lloc web, adequant el contingut de l&#8217;anunci al contingut del servei sol\u00b7licitat oa l&#8217;\u00fas que faci de la nostra p\u00e0gina web. Gr\u00e0cies a ella podem con\u00e8ixer els seus h\u00e0bits de navegaci\u00f3 a internet i mostrar publicitat relacionada amb el seu perfil de navegaci\u00f3.<\/p>\n<h2>Altres galetes de tercers<\/h2>\n<p>En algunes de les nostres p\u00e0gines es poden instal\u00b7lar galetes de tercers que permetin gestionar i millorar els serveis que aquests ofereixen. Un exemple d\u201faquest \u00fas s\u00f3n els enlla\u00e7os a les xarxes socials que permeten compartir els nostres continguts.<\/p>\n<h2>Com puc configurar les meves prefer\u00e8ncies?<\/h2>\n<p>Podeu permetre, bloquejar o eliminar les galetes instal\u00b7lades al vostre equip mitjan\u00e7ant la configuraci\u00f3 de les opcions del vostre navegador d&#8217;internet. En cas que les bloquegi, \u00e9s possible que certs serveis que necessiten el seu \u00fas no estiguin disponibles per a vost\u00e8.<br \/>A continuaci\u00f3 us oferim enlla\u00e7os on trobareu informaci\u00f3 sobre com podeu activar les vostres prefer\u00e8ncies als principals navegadors.<\/p>\n<p>[\/et_pb_text][\/et_pb_column][\/et_pb_row][\/et_pb_section][et_pb_section fb_built=&#8221;1&#8243; admin_label=&#8221;Footer&#8221; _builder_version=&#8221;4.17.6&#8243; _module_preset=&#8221;default&#8221; background_color=&#8221;#FAF5EF&#8221; custom_padding=&#8221;||0px||false|false&#8221; collapsed=&#8221;off&#8221; global_colors_info=&#8221;{}&#8221;][et_pb_row column_structure=&#8221;1_3,1_3,1_3&#8243; _builder_version=&#8221;4.19.5&#8243; _module_preset=&#8221;default&#8221; width=&#8221;100%&#8221; module_alignment=&#8221;center&#8221; custom_margin=&#8221;|200px||200px|false|false&#8221; custom_padding=&#8221;|15px||15px|false|false&#8221; global_colors_info=&#8221;{}&#8221;][et_pb_column type=&#8221;1_3&#8243; _builder_version=&#8221;4.19.5&#8243; _module_preset=&#8221;default&#8221; global_colors_info=&#8221;{}&#8221;][et_pb_image src=&#8221;https:\/\/cenizasalmaramfora.com\/wp-content\/uploads\/2023\/01\/imagen.png&#8221; alt=&#8221;gotland-charter-tirar-cenizas-al-mar&#8221; title_text=&#8221;logo-gotland-charter-tirar-cenizas-al-mar&#8221; _builder_version=&#8221;4.19.5&#8243; _module_preset=&#8221;default&#8221; width=&#8221;72%&#8221; global_colors_info=&#8221;{}&#8221;][\/et_pb_image][et_pb_text _builder_version=&#8221;4.19.5&#8243; _module_preset=&#8221;default&#8221; custom_margin=&#8221;-14px|-28px|3px|||&#8221; global_colors_info=&#8221;{}&#8221;]<\/p>\n<div class=\"caja\"><img decoding=\"async\" src=\"https:\/\/cenizasalmaramfora.com\/wp-content\/uploads\/2023\/01\/tel.png\" alt=\"Fes clic aqu\u00ed per Truqui al +34 610 66 93 33\" class=\"wp-image-92\" width=\"50\" height=\"50\"><a href=\"tel:+34610669333\" class=\"enlace\">+34610669333<\/a><\/div>\n<p>[\/et_pb_text][et_pb_text _builder_version=&#8221;4.19.5&#8243; _module_preset=&#8221;default&#8221; custom_margin=&#8221;||1px|||&#8221; locked=&#8221;off&#8221; global_colors_info=&#8221;{}&#8221;]<\/p>\n<div class=\"caja\"><img decoding=\"async\" src=\"https:\/\/cenizasalmaramfora.com\/wp-content\/uploads\/2023\/01\/app.png\" class=\"wp-image-92\" width=\"50\" height=\"50\"><a href=\"https:\/\/wa.me\/34610669333\" class=\"enlace\" rel=\"nofollow noopener\" target=\"_blank\">+34610669333<\/a><\/div>\n<p>[\/et_pb_text][et_pb_text _builder_version=&#8221;4.19.5&#8243; _module_preset=&#8221;default&#8221; custom_margin=&#8221;||2px|||&#8221; locked=&#8221;off&#8221; global_colors_info=&#8221;{}&#8221;]<\/p>\n<div class=\"caja\"><img decoding=\"async\" src=\"https:\/\/cenizasalmaramfora.com\/wp-content\/uploads\/2023\/01\/email.png\" class=\"wp-image-92\" width=\"50\" height=\"50\"><a href=\"mailto:hello@gotlandcharter.com\" class=\"enlace\">hello@gotlandcharter.com<\/a><\/div>\n<p>[\/et_pb_text][et_pb_text _builder_version=&#8221;4.19.5&#8243; _module_preset=&#8221;default&#8221; width=&#8221;100%&#8221; custom_margin=&#8221;||||false|false&#8221; custom_padding=&#8221;||||false|false&#8221; locked=&#8221;off&#8221; global_colors_info=&#8221;{}&#8221;]<\/p>\n<div class=\"caja\"><img decoding=\"async\" src=\"https:\/\/cenizasalmaramfora.com\/wp-content\/uploads\/2023\/01\/posicion.png\" class=\"wp-image-92\" width=\"50\" height=\"50\"><a href=\"https:\/\/goo.gl\/maps\/vbdnvSoKdmBTXjLe7\" title=\"ubicacion\" class=\"enlace\" rel=\"nofollow noopener\" target=\"_blank\">Moll de la Marina, 08005 Barcelona<\/a><\/div>\n<p>[\/et_pb_text][\/et_pb_column][et_pb_column type=&#8221;1_3&#8243; _builder_version=&#8221;4.19.5&#8243; _module_preset=&#8221;default&#8221; global_colors_info=&#8221;{}&#8221;][\/et_pb_column][et_pb_column type=&#8221;1_3&#8243; _builder_version=&#8221;4.19.5&#8243; _module_preset=&#8221;default&#8221; global_colors_info=&#8221;{}&#8221;][et_pb_text _builder_version=&#8221;4.19.5&#8243; _module_preset=&#8221;4827deed-2a92-4d97-a22f-f01067ae6873&#8243; header_font=&#8221;||||||||&#8221; header_4_font=&#8221;Manrope|700|||||||&#8221; header_4_text_color=&#8221;#000000&#8243; header_4_font_size=&#8221;19px&#8221; header_4_line_height=&#8221;1.4em&#8221; text_orientation=&#8221;center&#8221; custom_margin=&#8221;||10px||false|false&#8221; header_4_font_size_tablet=&#8221;16px&#8221; header_4_font_size_phone=&#8221;14px&#8221; header_4_font_size_last_edited=&#8221;on|tablet&#8221; locked=&#8221;off&#8221; global_colors_info=&#8221;{}&#8221;]<\/p>\n<h4 style=\"text-align: left;\">INFORMACI\u00d3<\/h4>\n<p>[\/et_pb_text][et_pb_text _builder_version=&#8221;4.19.5&#8243; _module_preset=&#8221;default&#8221; global_colors_info=&#8221;{}&#8221;]<a href=\"https:\/\/cenizasalmaramfora.com\/ca\/avis-legal\/\" title=\"Av\u00eds legal\" class=\"enlace\">Av\u00eds legal<\/a><\/p>\n<p><a href=\"https:\/\/cenizasalmaramfora.com\/politica-de-privacidad\/\" title=\"Pol\u00edtica de privadesa\" class=\"enlace\">Pol\u00edtica de privadesa<\/a><\/p>\n<p><a href=\"https:\/\/cenizasalmaramfora.com\/ca\/politica-de-cookies\/\" title=\"Pol\u00edtica de cookies\" class=\"enlace\">Pol\u00edtica de cookies<\/a>[\/et_pb_text][\/et_pb_column][\/et_pb_row][\/et_pb_section]<\/p>\n","protected":false},"excerpt":{"rendered":"<p>POL\u00cdTICA DE COOKIES&nbsp; Aquest portal, com la majoria de portals a Internet, fa servir galetes per millorar l&#8217;experi\u00e8ncia de l&#8217;usuari. A continuaci\u00f3 trobareu informaci\u00f3 sobre qu\u00e8 s\u00f3n les galetes, quin tipus de galetes utilitza aquest portal, com podeu desactivar les galetes al vostre navegador i com desactivar espec\u00edficament la instal\u00b7laci\u00f3 de galetes de tercers. Si [&hellip;]<\/p>\n","protected":false},"author":1,"featured_media":0,"parent":0,"menu_order":0,"comment_status":"closed","ping_status":"closed","template":"","meta":{"_et_pb_use_builder":"on","_et_pb_old_content":"","_et_gb_content_width":"","footnotes":""},"categories":[],"tags":[],"class_list":["post-574","page","type-page","status-publish","hentry"],"_links":{"self":[{"href":"https:\/\/cenizasalmaramfora.com\/ca\/wp-json\/wp\/v2\/pages\/574","targetHints":{"allow":["GET"]}}],"collection":[{"href":"https:\/\/cenizasalmaramfora.com\/ca\/wp-json\/wp\/v2\/pages"}],"about":[{"href":"https:\/\/cenizasalmaramfora.com\/ca\/wp-json\/wp\/v2\/types\/page"}],"author":[{"embeddable":true,"href":"https:\/\/cenizasalmaramfora.com\/ca\/wp-json\/wp\/v2\/users\/1"}],"replies":[{"embeddable":true,"href":"https:\/\/cenizasalmaramfora.com\/ca\/wp-json\/wp\/v2\/comments?post=574"}],"version-history":[{"count":0,"href":"https:\/\/cenizasalmaramfora.com\/ca\/wp-json\/wp\/v2\/pages\/574\/revisions"}],"wp:attachment":[{"href":"https:\/\/cenizasalmaramfora.com\/ca\/wp-json\/wp\/v2\/media?parent=574"}],"wp:term":[{"taxonomy":"category","embeddable":true,"href":"https:\/\/cenizasalmaramfora.com\/ca\/wp-json\/wp\/v2\/categories?post=574"},{"taxonomy":"post_tag","embeddable":true,"href":"https:\/\/cenizasalmaramfora.com\/ca\/wp-json\/wp\/v2\/tags?post=574"}],"curies":[{"name":"wp","href":"https:\/\/api.w.org\/{rel}","templated":true}]}}