{"id":562,"date":"2023-01-31T18:32:16","date_gmt":"2023-01-31T17:32:16","guid":{"rendered":"https:\/\/cenizasalmaramfora.com\/avis-juridique\/"},"modified":"2025-04-17T17:54:29","modified_gmt":"2025-04-17T16:54:29","slug":"avis-juridique","status":"publish","type":"page","link":"https:\/\/cenizasalmaramfora.com\/fr\/avis-juridique\/","title":{"rendered":"Avis juridique"},"content":{"rendered":"<p>[et_pb_section fb_built=\u00a0\u00bb1&Prime; admin_label=\u00a0\u00bbIntroduccion\u00a0\u00bb _builder_version=\u00a0\u00bb4.19.5&Prime; _module_preset=\u00a0\u00bbdefault\u00a0\u00bb background_color=\u00a0\u00bb#EBE4DD\u00a0\u00bb z_index=\u00a0\u00bb10&Prime; custom_margin=\u00a0\u00bb0%||||false|false\u00a0\u00bb global_colors_info=\u00a0\u00bb{}\u00a0\u00bb][et_pb_row _builder_version=\u00a0\u00bb4.19.5&Prime; _module_preset=\u00a0\u00bbdefault\u00a0\u00bb global_colors_info=\u00a0\u00bb{}\u00a0\u00bb][et_pb_column type=\u00a0\u00bb4_4&Prime; _builder_version=\u00a0\u00bb4.19.5&Prime; _module_preset=\u00a0\u00bbdefault\u00a0\u00bb global_colors_info=\u00a0\u00bb{}\u00a0\u00bb][et_pb_text _builder_version=\u00a0\u00bb4.19.5&Prime; _module_preset=\u00a0\u00bbb327cbe4-b1d5-4b66-ad37-40c8f2f061ba\u00a0\u00bb header_2_font=\u00a0\u00bbManrope|700|||||||\u00a0\u00bb header_2_text_color=\u00a0\u00bb#000000&Prime; header_2_font_size=\u00a0\u00bb48px\u00a0\u00bb header_2_line_height=\u00a0\u00bb1.2em\u00a0\u00bb header_2_font_size_tablet=\u00a0\u00bb32px\u00a0\u00bb header_2_font_size_phone=\u00a0\u00bb20px\u00a0\u00bb header_2_font_size_last_edited=\u00a0\u00bbon|desktop\u00a0\u00bb inline_fonts=\u00a0\u00bbAbhaya Libre\u00a0\u00bb global_colors_info=\u00a0\u00bb{}\u00a0\u00bb]<\/p>\n<h1><strong>AVIS JURIDIQUE<\/strong><\/h1>\n<p>[\/et_pb_text][et_pb_text _builder_version=\u00a0\u00bb4.19.5&Prime; _module_preset=\u00a0\u00bbdefault\u00a0\u00bb global_colors_info=\u00a0\u00bb{}\u00a0\u00bb]<\/p>\n<h2>SUPPORT WEB<\/h2>\n<p>Raison sociale : Daniel S\u00e1nchez Andreu, CIF : 46357222d<br \/>Donn\u00e9es d&rsquo;enregistrement: Registre du commerce de Barcelone au volume 30448 g\u00e9n\u00e9ral, page 189 page B num\u00e9ro 177124 entr\u00e9e 1. Propri\u00e9taire de la marque GOTLAND CHARTER<br \/>Adresse e-mail: hello@cenizasalmaramfora.com<br \/>Si\u00e8ge social : C\/Gran via 1138 7\u00ba 1\u00ba, 08020 Barcelone.<\/p>\n<p>Le propri\u00e9taire, en tant que responsable de ce site Web, assume l&rsquo;engagement de traiter les informations de ses utilisateurs et clients avec toutes les garanties et de se conformer aux exigences nationales et europ\u00e9ennes qui r\u00e9gissent la collecte et l&rsquo;utilisation des donn\u00e9es personnelles des utilisateurs.<\/p>\n<p>Le propri\u00e9taire a adapt\u00e9 ce site aux exigences du r\u00e8glement (UE) 2016\/679 du Parlement europ\u00e9en et du Conseil du 27 avril 2016 relatif \u00e0 la protection des donn\u00e9es des personnes physiques \u00e0 l&rsquo;\u00e9gard du traitement des donn\u00e9es \u00e0 caract\u00e8re personnel et \u00e0 la libre circulation de ces donn\u00e9es et par laquelle la directive 95\/46\/CE (RGPD) est abrog\u00e9e, ainsi que la loi 34\/2002, du 11 juillet, sur les services de la soci\u00e9t\u00e9 de l&rsquo;information et du commerce \u00e9lectronique (LSSICE ou LSSI).<\/p>\n<p>Ces informations r\u00e9gissent les conditions d&rsquo;utilisation, les limitations de responsabilit\u00e9 et les obligations que les utilisateurs de la page Web publi\u00e9e sous le nom de domaine cenizasalmaramfora.com assument et s&rsquo;engagent \u00e0 respecter.<\/p>\n<p>&nbsp;<\/p>\n<h2>CONDITIONS GENERALES D&rsquo;UTILISATION<\/h2>\n<p>L&rsquo;utilisation de la page accorde l&rsquo;utilisation de l&rsquo;utilisateur et implique l&rsquo;acceptation des conditions de l&rsquo;avis l\u00e9gal, de la politique de confidentialit\u00e9 et des conditions d&rsquo;utilisation, si l&rsquo;utilisateur ne le fait pas<br \/>si vous \u00e9tiez satisfait, vous vous abstiendrez d&rsquo;utiliser la page. L&rsquo;utilisateur est oblig\u00e9 et s&rsquo;engage \u00e0 utiliser la page et le contenu conform\u00e9ment \u00e0 la l\u00e9gislation en vigueur, les<br \/>Mentions l\u00e9gales, et tout autre avis contenu sur cette page, ainsi qu&rsquo;aux r\u00e8gles de coexistence, de moralit\u00e9 et de bonnes coutumes g\u00e9n\u00e9ralement accept\u00e9es. L&rsquo;utilisateur accepte et s&rsquo;engage \u00e0 ne pas transmettre, diffuser ou mettre \u00e0 la disposition de tiers tout contenu de la page, tel que des informations, textes, donn\u00e9es, contenus, messages, graphiques, dessins, fichiers son et\/ou image, photographies, enregistrements, logiciels , logos, marques, ic\u00f4nes, technologie, photographies, logiciels, liens, conception graphique et codes sources, ou tout autre mat\u00e9riel auquel vous pourriez avoir acc\u00e8s en tant qu&rsquo;utilisateur de la page, sans que cette liste ait un caract\u00e8re limitatif.<\/p>\n<p>&nbsp;<\/p>\n<h2>PROPRI\u00c9T\u00c9 INTELLECTUELLE<\/h2>\n<p>Toutes les marques, noms commerciaux ou signes distinctifs de toute nature qui apparaissent sur la page sont la propri\u00e9t\u00e9 de censalmaramfora.com ou, le cas \u00e9ch\u00e9ant, de tiers qui ont<br \/>autoris\u00e9 son utilisation, sans qu&rsquo;il soit entendu que l&rsquo;utilisation ou l&rsquo;acc\u00e8s au portail et\/ou au contenu conf\u00e8re \u00e0 l&rsquo;utilisateur un droit sur les marques, noms commerciaux et\/ou signes distinctifs susmentionn\u00e9s, et sans \u00eatre compris comme c\u00e9d\u00e9s \u00e0 l&rsquo;utilisateur, aucun des droits d&rsquo;exploitation existant ou pouvant exister sur lesdits contenus. Et il n&rsquo;est pas consid\u00e9r\u00e9 comme ayant \u00e9t\u00e9 transf\u00e9r\u00e9 ni son utilisation autoris\u00e9e, en aucun cas, aux utilisateurs de la page \u00e0 moins que ces droits ne soient obtenus par \u00e9crit aupr\u00e8s du propri\u00e9taire l\u00e9gitime de celle-ci.<\/p>\n<p>&nbsp;<\/p>\n<h2>LOI APPLICABLE ET JURIDICTION<\/h2>\n<p>En g\u00e9n\u00e9ral, les relations entre cenizasalmaramfora.com et les utilisateurs de ses services t\u00e9l\u00e9matiques, pr\u00e9sents sur ce site, sont soumises \u00e0 la l\u00e9gislation et \u00e0 la juridiction espagnoles et aux tribunaux de MATAR\u00d3 (BARCELONE).<\/p>\n<p>[\/et_pb_text][\/et_pb_column][\/et_pb_row][\/et_pb_section][et_pb_section fb_built=\u00a0\u00bb1&Prime; admin_label=\u00a0\u00bbFooter\u00a0\u00bb _builder_version=\u00a0\u00bb4.17.6&Prime; _module_preset=\u00a0\u00bbdefault\u00a0\u00bb background_color=\u00a0\u00bb#FAF5EF\u00a0\u00bb custom_padding=\u00a0\u00bb||0px||false|false\u00a0\u00bb collapsed=\u00a0\u00bboff\u00a0\u00bb global_colors_info=\u00a0\u00bb{}\u00a0\u00bb][et_pb_row column_structure=\u00a0\u00bb1_3,1_3,1_3&Prime; _builder_version=\u00a0\u00bb4.19.5&Prime; _module_preset=\u00a0\u00bbdefault\u00a0\u00bb width=\u00a0\u00bb100%\u00a0\u00bb module_alignment=\u00a0\u00bbcenter\u00a0\u00bb custom_margin=\u00a0\u00bb|200px||200px|false|false\u00a0\u00bb custom_padding=\u00a0\u00bb|15px||15px|false|false\u00a0\u00bb global_colors_info=\u00a0\u00bb{}\u00a0\u00bb][et_pb_column type=\u00a0\u00bb1_3&Prime; _builder_version=\u00a0\u00bb4.19.5&Prime; _module_preset=\u00a0\u00bbdefault\u00a0\u00bb global_colors_info=\u00a0\u00bb{}\u00a0\u00bb][et_pb_image src=\u00a0\u00bbhttps:\/\/cenizasalmaramfora.com\/wp-content\/uploads\/2023\/01\/imagen.png\u00a0\u00bb alt=\u00a0\u00bbgotland-charter-tirar-cenizas-al-mar\u00a0\u00bb title_text=\u00a0\u00bblogo-gotland-charter-tirar-cenizas-al-mar\u00a0\u00bb _builder_version=\u00a0\u00bb4.19.5&Prime; _module_preset=\u00a0\u00bbdefault\u00a0\u00bb width=\u00a0\u00bb72%\u00a0\u00bb global_colors_info=\u00a0\u00bb{}\u00a0\u00bb][\/et_pb_image][et_pb_text _builder_version=\u00a0\u00bb4.19.5&Prime; _module_preset=\u00a0\u00bbdefault\u00a0\u00bb custom_margin=\u00a0\u00bb-14px|-28px|3px|||\u00a0\u00bb global_colors_info=\u00a0\u00bb{}\u00a0\u00bb]<\/p>\n<div class=\"caja\"><img decoding=\"async\" src=\"https:\/\/cenizasalmaramfora.com\/wp-content\/uploads\/2023\/01\/tel.png\" alt=\"Cliquez ici pour appeler +34 610 66 93 33\" class=\"wp-image-92\" width=\"50\" height=\"50\"><a href=\"tel:+34610669333\" class=\"enlace\">+34610669333<\/a><\/div>\n<p>[\/et_pb_text][et_pb_text _builder_version=\u00a0\u00bb4.19.5&Prime; _module_preset=\u00a0\u00bbdefault\u00a0\u00bb custom_margin=\u00a0\u00bb||1px|||\u00a0\u00bb locked=\u00a0\u00bboff\u00a0\u00bb global_colors_info=\u00a0\u00bb{}\u00a0\u00bb]<\/p>\n<div class=\"caja\"><img decoding=\"async\" src=\"https:\/\/cenizasalmaramfora.com\/wp-content\/uploads\/2023\/01\/app.png\" class=\"wp-image-92\" width=\"50\" height=\"50\"><a href=\"https:\/\/wa.me\/34610669333\" class=\"enlace\" rel=\"nofollow noopener\" target=\"_blank\">+34610669333<\/a><\/div>\n<p>[\/et_pb_text][et_pb_text _builder_version=\u00a0\u00bb4.19.5&Prime; _module_preset=\u00a0\u00bbdefault\u00a0\u00bb custom_margin=\u00a0\u00bb||2px|||\u00a0\u00bb locked=\u00a0\u00bboff\u00a0\u00bb global_colors_info=\u00a0\u00bb{}\u00a0\u00bb]<\/p>\n<div class=\"caja\"><img decoding=\"async\" src=\"https:\/\/cenizasalmaramfora.com\/wp-content\/uploads\/2023\/01\/email.png\" class=\"wp-image-92\" width=\"50\" height=\"50\"><a href=\"mailto:hello@gotlandcharter.com\" class=\"enlace\">hello@gotlandcharter.com<\/a><\/div>\n<p>[\/et_pb_text][et_pb_text _builder_version=\u00a0\u00bb4.19.5&Prime; _module_preset=\u00a0\u00bbdefault\u00a0\u00bb width=\u00a0\u00bb100%\u00a0\u00bb custom_margin=\u00a0\u00bb||||false|false\u00a0\u00bb custom_padding=\u00a0\u00bb||||false|false\u00a0\u00bb locked=\u00a0\u00bboff\u00a0\u00bb global_colors_info=\u00a0\u00bb{}\u00a0\u00bb]<\/p>\n<div class=\"caja\"><img decoding=\"async\" src=\"https:\/\/cenizasalmaramfora.com\/wp-content\/uploads\/2023\/01\/posicion.png\" class=\"wp-image-92\" width=\"50\" height=\"50\"><a href=\"https:\/\/goo.gl\/maps\/vbdnvSoKdmBTXjLe7\" title=\"ubicacion\" class=\"enlace\" rel=\"nofollow noopener\" target=\"_blank\">Moll de la Marina, 08005 Barcelona<\/a><\/div>\n<p>[\/et_pb_text][\/et_pb_column][et_pb_column type=\u00a0\u00bb1_3&Prime; _builder_version=\u00a0\u00bb4.19.5&Prime; _module_preset=\u00a0\u00bbdefault\u00a0\u00bb global_colors_info=\u00a0\u00bb{}\u00a0\u00bb][\/et_pb_column][et_pb_column type=\u00a0\u00bb1_3&Prime; _builder_version=\u00a0\u00bb4.19.5&Prime; _module_preset=\u00a0\u00bbdefault\u00a0\u00bb global_colors_info=\u00a0\u00bb{}\u00a0\u00bb][et_pb_text _builder_version=\u00a0\u00bb4.19.5&Prime; _module_preset=\u00a0\u00bb4827deed-2a92-4d97-a22f-f01067ae6873&Prime; header_font=\u00a0\u00bb||||||||\u00a0\u00bb header_4_font=\u00a0\u00bbManrope|700|||||||\u00a0\u00bb header_4_text_color=\u00a0\u00bb#000000&Prime; header_4_font_size=\u00a0\u00bb19px\u00a0\u00bb header_4_line_height=\u00a0\u00bb1.4em\u00a0\u00bb text_orientation=\u00a0\u00bbcenter\u00a0\u00bb custom_margin=\u00a0\u00bb||10px||false|false\u00a0\u00bb header_4_font_size_tablet=\u00a0\u00bb16px\u00a0\u00bb header_4_font_size_phone=\u00a0\u00bb14px\u00a0\u00bb header_4_font_size_last_edited=\u00a0\u00bbon|tablet\u00a0\u00bb locked=\u00a0\u00bboff\u00a0\u00bb global_colors_info=\u00a0\u00bb{}\u00a0\u00bb]<\/p>\n<h4 style=\"text-align: left;\">INFORMATION<\/h4>\n<p>[\/et_pb_text][et_pb_text _builder_version=\u00a0\u00bb4.19.5&Prime; _module_preset=\u00a0\u00bbdefault\u00a0\u00bb global_colors_info=\u00a0\u00bb{}\u00a0\u00bb]<a href=\"https:\/\/cenizasalmaramfora.com\/aviso-legal\" title=\"Avis juridique\" class=\"enlace\">Avis juridique<\/a><\/p>\n<p><a href=\"https:\/\/cenizasalmaramfora.com\/politica-de-privacidad\" title=\"Politique de confidentialit\u00e9\" class=\"enlace\">Politique de confidentialit\u00e9<\/a><\/p>\n<p><a href=\"https:\/\/cenizasalmaramfora.com\/politica-de-cookies\" title=\"Politique de cookies\" class=\"enlace\">Politique de cookies<\/a>[\/et_pb_text][\/et_pb_column][\/et_pb_row][\/et_pb_section]<\/p>\n","protected":false},"excerpt":{"rendered":"<p>AVIS JURIDIQUESUPPORT WEB Raison sociale : Daniel S\u00e1nchez Andreu, CIF : 46357222dDonn\u00e9es d&rsquo;enregistrement: Registre du commerce de Barcelone au volume 30448 g\u00e9n\u00e9ral, page 189 page B num\u00e9ro 177124 entr\u00e9e 1. Propri\u00e9taire de la marque GOTLAND CHARTERAdresse e-mail: hello@cenizasalmaramfora.comSi\u00e8ge social : C\/Gran via 1138 7\u00ba 1\u00ba, 08020 Barcelone. Le propri\u00e9taire, en tant que responsable de ce [&hellip;]<\/p>\n","protected":false},"author":1,"featured_media":0,"parent":0,"menu_order":0,"comment_status":"closed","ping_status":"closed","template":"","meta":{"_et_pb_use_builder":"on","_et_pb_old_content":"","_et_gb_content_width":"","footnotes":""},"categories":[],"tags":[],"class_list":["post-562","page","type-page","status-publish","hentry"],"_links":{"self":[{"href":"https:\/\/cenizasalmaramfora.com\/fr\/wp-json\/wp\/v2\/pages\/562","targetHints":{"allow":["GET"]}}],"collection":[{"href":"https:\/\/cenizasalmaramfora.com\/fr\/wp-json\/wp\/v2\/pages"}],"about":[{"href":"https:\/\/cenizasalmaramfora.com\/fr\/wp-json\/wp\/v2\/types\/page"}],"author":[{"embeddable":true,"href":"https:\/\/cenizasalmaramfora.com\/fr\/wp-json\/wp\/v2\/users\/1"}],"replies":[{"embeddable":true,"href":"https:\/\/cenizasalmaramfora.com\/fr\/wp-json\/wp\/v2\/comments?post=562"}],"version-history":[{"count":0,"href":"https:\/\/cenizasalmaramfora.com\/fr\/wp-json\/wp\/v2\/pages\/562\/revisions"}],"wp:attachment":[{"href":"https:\/\/cenizasalmaramfora.com\/fr\/wp-json\/wp\/v2\/media?parent=562"}],"wp:term":[{"taxonomy":"category","embeddable":true,"href":"https:\/\/cenizasalmaramfora.com\/fr\/wp-json\/wp\/v2\/categories?post=562"},{"taxonomy":"post_tag","embeddable":true,"href":"https:\/\/cenizasalmaramfora.com\/fr\/wp-json\/wp\/v2\/tags?post=562"}],"curies":[{"name":"wp","href":"https:\/\/api.w.org\/{rel}","templated":true}]}}